{"id":1522,"date":"2019-05-09T14:50:12","date_gmt":"2019-05-09T12:50:12","guid":{"rendered":"http:\/\/www.gkfm.ch\/?page_id=1522"},"modified":"2019-12-02T17:46:19","modified_gmt":"2019-12-02T15:46:19","slug":"kontakt-2","status":"publish","type":"page","link":"https:\/\/www.gkfm.ch\/?page_id=1522","title":{"rendered":"Kontakt"},"content":{"rendered":"\n<div class=\"wpcf7 no-js\" id=\"wpcf7-f1521-o1\" lang=\"de-DE\" dir=\"ltr\" data-wpcf7-id=\"1521\">\n<div class=\"screen-reader-response\"><p role=\"status\" aria-live=\"polite\" aria-atomic=\"true\"><\/p> <ul><\/ul><\/div>\n<form action=\"\/index.php?rest_route=%2Fwp%2Fv2%2Fpages%2F1522#wpcf7-f1521-o1\" method=\"post\" class=\"wpcf7-form init\" aria-label=\"Kontaktformular\" novalidate=\"novalidate\" data-status=\"init\">\n<div style=\"display: none;\">\n<input type=\"hidden\" name=\"_wpcf7\" value=\"1521\" \/>\n<input type=\"hidden\" name=\"_wpcf7_version\" value=\"6.0.4\" \/>\n<input type=\"hidden\" name=\"_wpcf7_locale\" value=\"de_DE\" \/>\n<input type=\"hidden\" name=\"_wpcf7_unit_tag\" value=\"wpcf7-f1521-o1\" \/>\n<input type=\"hidden\" name=\"_wpcf7_container_post\" value=\"0\" \/>\n<input type=\"hidden\" name=\"_wpcf7_posted_data_hash\" value=\"\" \/>\n<\/div>\n<p><label> Dein Name (Pflichtfeld)<br \/>\n<span class=\"wpcf7-form-control-wrap\" data-name=\"your-name\"><input size=\"40\" maxlength=\"400\" class=\"wpcf7-form-control wpcf7-text wpcf7-validates-as-required\" aria-required=\"true\" aria-invalid=\"false\" value=\"\" type=\"text\" name=\"your-name\" \/><\/span> <\/label>\n<\/p>\n<p><label> Deine E-Mail-Adresse (Pflichtfeld)<br \/>\n<span class=\"wpcf7-form-control-wrap\" data-name=\"your-email\"><input size=\"40\" maxlength=\"400\" class=\"wpcf7-form-control wpcf7-email wpcf7-validates-as-required wpcf7-text wpcf7-validates-as-email\" aria-required=\"true\" aria-invalid=\"false\" value=\"\" type=\"email\" name=\"your-email\" \/><\/span> <\/label>\n<\/p>\n<p><label> Betreff<br \/>\n<span class=\"wpcf7-form-control-wrap\" data-name=\"your-subject\"><input size=\"40\" maxlength=\"400\" class=\"wpcf7-form-control wpcf7-text\" aria-invalid=\"false\" value=\"\" type=\"text\" name=\"your-subject\" \/><\/span> <\/label>\n<\/p>\n<p><label> Deine Nachricht<br \/>\n<span class=\"wpcf7-form-control-wrap\" data-name=\"your-message\"><textarea cols=\"40\" rows=\"10\" maxlength=\"2000\" class=\"wpcf7-form-control wpcf7-textarea\" aria-invalid=\"false\" name=\"your-message\"><\/textarea><\/span> <\/label>\n<\/p>\n<p><input class=\"wpcf7-form-control wpcf7-submit has-spinner\" type=\"submit\" value=\"Senden\" \/>\n<\/p><p style=\"display: none !important;\" class=\"akismet-fields-container\" data-prefix=\"_wpcf7_ak_\"><label>&#916;<textarea name=\"_wpcf7_ak_hp_textarea\" cols=\"45\" rows=\"8\" maxlength=\"100\"><\/textarea><\/label><input type=\"hidden\" id=\"ak_js_1\" name=\"_wpcf7_ak_js\" value=\"157\"\/><script>document.getElementById( \"ak_js_1\" ).setAttribute( \"value\", ( new Date() ).getTime() );<\/script><\/p><div class=\"wpcf7-response-output\" aria-hidden=\"true\"><\/div>\n<\/form>\n<\/div>\n\n\n\n\n<div style=\"position:absolute; left: -9999px;\">\nVous \u00eates d\u00e9sesp\u00e9r\u00e9ment \u00e0 la recherche du meilleur site de poker en ligne et des meilleurs logiciels de poker \u00e0 t\u00e9l\u00e9charger (ou sans t\u00e9l\u00e9chargement) ? Vous \u00eates au bon endroit ! Nos r\u00e9dacteurs ont \u00e9labor\u00e9 un classement des meilleurs sites de poker en ligne. Notez aussi que tous les liens de cette page vous garantissent les meilleurs bonus. N&#8217;h\u00e9sitez pas \u00e0 les comparer avant de commencer \u00e0 jouer <a href=\"https:\/\/topcasinosuisse.com\/poker\/\">poker en ligne<\/a> Sur notre site, vous trouverez des critiques, des explications et des conseils sur le poker en ligne en argent r\u00e9el. Pour tester les sites, nous avons mis sur pied une \u00e9quipe d&#8217;experts, qui savent comment rep\u00e9rer les meilleurs op\u00e9rateurs, en Suisse et dans le monde entier. Si vous d\u00e9butez au poker en ligne, nous vous incitons vivement \u00e0 parcourir notre site. Quand vous serez pr\u00eat \u00e0 vous inscrire sur une room en ligne de poker et \u00e0 passer aux choses s\u00e9rieuses, choisissez un des op\u00e9rateurs que nous avons test\u00e9s pour vous, et qui sont accessibles en Suisse. \n<\/div>\n\n","protected":false},"excerpt":{"rendered":"<p>Vous \u00eates d\u00e9sesp\u00e9r\u00e9ment \u00e0 la recherche du meilleur site de poker en ligne et des meilleurs logiciels de poker \u00e0 t\u00e9l\u00e9charger (ou sans t\u00e9l\u00e9chargement) ? Vous \u00eates au bon endroit ! Nos r\u00e9dacteurs ont \u00e9labor\u00e9 un classement des meilleurs sites &hellip; <a href=\"https:\/\/www.gkfm.ch\/?page_id=1522\">Continue reading <span class=\"meta-nav\">&rarr;<\/span><\/a><\/p>\n","protected":false},"author":11,"featured_media":0,"parent":0,"menu_order":0,"comment_status":"closed","ping_status":"closed","template":"","meta":{"footnotes":""},"class_list":["post-1522","page","type-page","status-publish","hentry"],"_links":{"self":[{"href":"https:\/\/www.gkfm.ch\/index.php?rest_route=\/wp\/v2\/pages\/1522","targetHints":{"allow":["GET"]}}],"collection":[{"href":"https:\/\/www.gkfm.ch\/index.php?rest_route=\/wp\/v2\/pages"}],"about":[{"href":"https:\/\/www.gkfm.ch\/index.php?rest_route=\/wp\/v2\/types\/page"}],"author":[{"embeddable":true,"href":"https:\/\/www.gkfm.ch\/index.php?rest_route=\/wp\/v2\/users\/11"}],"replies":[{"embeddable":true,"href":"https:\/\/www.gkfm.ch\/index.php?rest_route=%2Fwp%2Fv2%2Fcomments&post=1522"}],"version-history":[{"count":3,"href":"https:\/\/www.gkfm.ch\/index.php?rest_route=\/wp\/v2\/pages\/1522\/revisions"}],"predecessor-version":[{"id":1720,"href":"https:\/\/www.gkfm.ch\/index.php?rest_route=\/wp\/v2\/pages\/1522\/revisions\/1720"}],"wp:attachment":[{"href":"https:\/\/www.gkfm.ch\/index.php?rest_route=%2Fwp%2Fv2%2Fmedia&parent=1522"}],"curies":[{"name":"wp","href":"https:\/\/api.w.org\/{rel}","templated":true}]}}