{"id":2707,"date":"2026-01-28T22:44:40","date_gmt":"2026-01-28T20:44:40","guid":{"rendered":"https:\/\/www.gkfm.ch\/?page_id=2707"},"modified":"2026-01-28T22:44:40","modified_gmt":"2026-01-28T20:44:40","slug":"siegerteams-2025","status":"publish","type":"page","link":"https:\/\/www.gkfm.ch\/?page_id=2707","title":{"rendered":"Siegerteams 2025"},"content":{"rendered":"\n<p><strong>KNABEN<\/strong><\/p>\n\n\n\n<figure class=\"wp-block-image size-large\"><a href=\"https:\/\/www.gkfm.ch\/wp-content\/uploads\/2026\/01\/Sieger-K1-scaled.jpg\"><img loading=\"lazy\" decoding=\"async\" width=\"1024\" height=\"683\" src=\"https:\/\/www.gkfm.ch\/wp-content\/uploads\/2026\/01\/Sieger-K1-1024x683.jpg\" alt=\"\" class=\"wp-image-2708\" srcset=\"https:\/\/www.gkfm.ch\/wp-content\/uploads\/2026\/01\/Sieger-K1-1024x683.jpg 1024w, https:\/\/www.gkfm.ch\/wp-content\/uploads\/2026\/01\/Sieger-K1-300x200.jpg 300w, https:\/\/www.gkfm.ch\/wp-content\/uploads\/2026\/01\/Sieger-K1-768x512.jpg 768w, https:\/\/www.gkfm.ch\/wp-content\/uploads\/2026\/01\/Sieger-K1-1536x1024.jpg 1536w, https:\/\/www.gkfm.ch\/wp-content\/uploads\/2026\/01\/Sieger-K1-2048x1366.jpg 2048w\" sizes=\"auto, (max-width: 1024px) 100vw, 1024px\" \/><\/a><\/figure>\n\n\n\n<p>K1: Team K\u00fcrsteiner<\/p>\n\n\n\n<figure class=\"wp-block-image size-large\"><a href=\"https:\/\/www.gkfm.ch\/wp-content\/uploads\/2026\/01\/Sieger-K2-scaled.jpg\"><img loading=\"lazy\" decoding=\"async\" width=\"1024\" height=\"683\" src=\"https:\/\/www.gkfm.ch\/wp-content\/uploads\/2026\/01\/Sieger-K2-1024x683.jpg\" alt=\"\" class=\"wp-image-2709\" srcset=\"https:\/\/www.gkfm.ch\/wp-content\/uploads\/2026\/01\/Sieger-K2-1024x683.jpg 1024w, https:\/\/www.gkfm.ch\/wp-content\/uploads\/2026\/01\/Sieger-K2-300x200.jpg 300w, https:\/\/www.gkfm.ch\/wp-content\/uploads\/2026\/01\/Sieger-K2-768x512.jpg 768w, https:\/\/www.gkfm.ch\/wp-content\/uploads\/2026\/01\/Sieger-K2-1536x1024.jpg 1536w, https:\/\/www.gkfm.ch\/wp-content\/uploads\/2026\/01\/Sieger-K2-2048x1365.jpg 2048w\" sizes=\"auto, (max-width: 1024px) 100vw, 1024px\" \/><\/a><\/figure>\n\n\n\n<p>K2: Team Koller<\/p>\n\n\n\n<figure class=\"wp-block-image size-large\"><a href=\"https:\/\/www.gkfm.ch\/wp-content\/uploads\/2026\/01\/Sieger-K3-scaled.jpg\"><img loading=\"lazy\" decoding=\"async\" width=\"1024\" height=\"683\" src=\"https:\/\/www.gkfm.ch\/wp-content\/uploads\/2026\/01\/Sieger-K3-1024x683.jpg\" alt=\"\" class=\"wp-image-2710\" srcset=\"https:\/\/www.gkfm.ch\/wp-content\/uploads\/2026\/01\/Sieger-K3-1024x683.jpg 1024w, https:\/\/www.gkfm.ch\/wp-content\/uploads\/2026\/01\/Sieger-K3-300x200.jpg 300w, https:\/\/www.gkfm.ch\/wp-content\/uploads\/2026\/01\/Sieger-K3-768x512.jpg 768w, https:\/\/www.gkfm.ch\/wp-content\/uploads\/2026\/01\/Sieger-K3-1536x1024.jpg 1536w, https:\/\/www.gkfm.ch\/wp-content\/uploads\/2026\/01\/Sieger-K3-2048x1365.jpg 2048w\" sizes=\"auto, (max-width: 1024px) 100vw, 1024px\" \/><\/a><\/figure>\n\n\n\n<p>K3: Team Keel\/Tanner<\/p>\n\n\n\n<figure class=\"wp-block-image size-large\"><a href=\"https:\/\/www.gkfm.ch\/wp-content\/uploads\/2026\/01\/Sieger-K4-scaled.jpg\"><img loading=\"lazy\" decoding=\"async\" width=\"1024\" height=\"683\" src=\"https:\/\/www.gkfm.ch\/wp-content\/uploads\/2026\/01\/Sieger-K4-1024x683.jpg\" alt=\"\" class=\"wp-image-2711\" srcset=\"https:\/\/www.gkfm.ch\/wp-content\/uploads\/2026\/01\/Sieger-K4-1024x683.jpg 1024w, https:\/\/www.gkfm.ch\/wp-content\/uploads\/2026\/01\/Sieger-K4-300x200.jpg 300w, https:\/\/www.gkfm.ch\/wp-content\/uploads\/2026\/01\/Sieger-K4-768x512.jpg 768w, https:\/\/www.gkfm.ch\/wp-content\/uploads\/2026\/01\/Sieger-K4-1536x1024.jpg 1536w, https:\/\/www.gkfm.ch\/wp-content\/uploads\/2026\/01\/Sieger-K4-2048x1365.jpg 2048w\" sizes=\"auto, (max-width: 1024px) 100vw, 1024px\" \/><\/a><\/figure>\n\n\n\n<p>K4: Team Th\u00f6ny<\/p>\n\n\n\n<figure class=\"wp-block-image size-large\"><a href=\"https:\/\/www.gkfm.ch\/wp-content\/uploads\/2026\/01\/Sieger-K5-scaled.jpg\"><img loading=\"lazy\" decoding=\"async\" width=\"1024\" height=\"683\" src=\"https:\/\/www.gkfm.ch\/wp-content\/uploads\/2026\/01\/Sieger-K5-1024x683.jpg\" alt=\"\" class=\"wp-image-2712\" srcset=\"https:\/\/www.gkfm.ch\/wp-content\/uploads\/2026\/01\/Sieger-K5-1024x683.jpg 1024w, https:\/\/www.gkfm.ch\/wp-content\/uploads\/2026\/01\/Sieger-K5-300x200.jpg 300w, https:\/\/www.gkfm.ch\/wp-content\/uploads\/2026\/01\/Sieger-K5-768x512.jpg 768w, https:\/\/www.gkfm.ch\/wp-content\/uploads\/2026\/01\/Sieger-K5-1536x1024.jpg 1536w, https:\/\/www.gkfm.ch\/wp-content\/uploads\/2026\/01\/Sieger-K5-2048x1365.jpg 2048w\" sizes=\"auto, (max-width: 1024px) 100vw, 1024px\" \/><\/a><\/figure>\n\n\n\n<p>K5: Team Mauch<\/p>\n\n\n\n<figure class=\"wp-block-image size-large\"><a href=\"https:\/\/www.gkfm.ch\/wp-content\/uploads\/2026\/01\/Sieger-K6-scaled.jpg\"><img loading=\"lazy\" decoding=\"async\" width=\"1024\" height=\"683\" src=\"https:\/\/www.gkfm.ch\/wp-content\/uploads\/2026\/01\/Sieger-K6-1024x683.jpg\" alt=\"\" class=\"wp-image-2713\" srcset=\"https:\/\/www.gkfm.ch\/wp-content\/uploads\/2026\/01\/Sieger-K6-1024x683.jpg 1024w, https:\/\/www.gkfm.ch\/wp-content\/uploads\/2026\/01\/Sieger-K6-300x200.jpg 300w, https:\/\/www.gkfm.ch\/wp-content\/uploads\/2026\/01\/Sieger-K6-768x512.jpg 768w, https:\/\/www.gkfm.ch\/wp-content\/uploads\/2026\/01\/Sieger-K6-1536x1024.jpg 1536w, https:\/\/www.gkfm.ch\/wp-content\/uploads\/2026\/01\/Sieger-K6-2048x1365.jpg 2048w\" sizes=\"auto, (max-width: 1024px) 100vw, 1024px\" \/><\/a><\/figure>\n\n\n\n<p>K6: Team Gschwend<\/p>\n\n\n\n<figure class=\"wp-block-image size-large\"><a href=\"https:\/\/www.gkfm.ch\/wp-content\/uploads\/2026\/01\/Sieger-K7-scaled.jpg\"><img loading=\"lazy\" decoding=\"async\" width=\"1024\" height=\"683\" src=\"https:\/\/www.gkfm.ch\/wp-content\/uploads\/2026\/01\/Sieger-K7-1024x683.jpg\" alt=\"\" class=\"wp-image-2714\" srcset=\"https:\/\/www.gkfm.ch\/wp-content\/uploads\/2026\/01\/Sieger-K7-1024x683.jpg 1024w, https:\/\/www.gkfm.ch\/wp-content\/uploads\/2026\/01\/Sieger-K7-300x200.jpg 300w, https:\/\/www.gkfm.ch\/wp-content\/uploads\/2026\/01\/Sieger-K7-768x512.jpg 768w, https:\/\/www.gkfm.ch\/wp-content\/uploads\/2026\/01\/Sieger-K7-1536x1024.jpg 1536w, https:\/\/www.gkfm.ch\/wp-content\/uploads\/2026\/01\/Sieger-K7-2048x1365.jpg 2048w\" sizes=\"auto, (max-width: 1024px) 100vw, 1024px\" \/><\/a><\/figure>\n\n\n\n<p>K7: Team Ferrari<\/p>\n\n\n\n<figure class=\"wp-block-image size-large\"><a href=\"https:\/\/www.gkfm.ch\/wp-content\/uploads\/2026\/01\/Sieger-K8-scaled.jpg\"><img loading=\"lazy\" decoding=\"async\" width=\"1024\" height=\"683\" src=\"https:\/\/www.gkfm.ch\/wp-content\/uploads\/2026\/01\/Sieger-K8-1024x683.jpg\" alt=\"\" class=\"wp-image-2715\" srcset=\"https:\/\/www.gkfm.ch\/wp-content\/uploads\/2026\/01\/Sieger-K8-1024x683.jpg 1024w, https:\/\/www.gkfm.ch\/wp-content\/uploads\/2026\/01\/Sieger-K8-300x200.jpg 300w, https:\/\/www.gkfm.ch\/wp-content\/uploads\/2026\/01\/Sieger-K8-768x512.jpg 768w, https:\/\/www.gkfm.ch\/wp-content\/uploads\/2026\/01\/Sieger-K8-1536x1024.jpg 1536w, https:\/\/www.gkfm.ch\/wp-content\/uploads\/2026\/01\/Sieger-K8-2048x1366.jpg 2048w\" sizes=\"auto, (max-width: 1024px) 100vw, 1024px\" \/><\/a><\/figure>\n\n\n\n<p>K8: Team Sutter<\/p>\n\n\n\n<figure class=\"wp-block-image size-large\"><a href=\"https:\/\/www.gkfm.ch\/wp-content\/uploads\/2026\/01\/Sieger-K9-scaled.jpg\"><img loading=\"lazy\" decoding=\"async\" width=\"1024\" height=\"683\" src=\"https:\/\/www.gkfm.ch\/wp-content\/uploads\/2026\/01\/Sieger-K9-1024x683.jpg\" alt=\"\" class=\"wp-image-2716\" srcset=\"https:\/\/www.gkfm.ch\/wp-content\/uploads\/2026\/01\/Sieger-K9-1024x683.jpg 1024w, https:\/\/www.gkfm.ch\/wp-content\/uploads\/2026\/01\/Sieger-K9-300x200.jpg 300w, https:\/\/www.gkfm.ch\/wp-content\/uploads\/2026\/01\/Sieger-K9-768x512.jpg 768w, https:\/\/www.gkfm.ch\/wp-content\/uploads\/2026\/01\/Sieger-K9-1536x1024.jpg 1536w, https:\/\/www.gkfm.ch\/wp-content\/uploads\/2026\/01\/Sieger-K9-2048x1365.jpg 2048w\" sizes=\"auto, (max-width: 1024px) 100vw, 1024px\" \/><\/a><\/figure>\n\n\n\n<p>K9: Team Eicher<\/p>\n\n\n\n<p><strong>M\u00c4DCHEN<\/strong><\/p>\n\n\n\n<figure class=\"wp-block-image size-large\"><a href=\"https:\/\/www.gkfm.ch\/wp-content\/uploads\/2026\/01\/Sieger-M3-scaled.jpg\"><img loading=\"lazy\" decoding=\"async\" width=\"1024\" height=\"683\" src=\"https:\/\/www.gkfm.ch\/wp-content\/uploads\/2026\/01\/Sieger-M3-1024x683.jpg\" alt=\"\" class=\"wp-image-2717\" srcset=\"https:\/\/www.gkfm.ch\/wp-content\/uploads\/2026\/01\/Sieger-M3-1024x683.jpg 1024w, https:\/\/www.gkfm.ch\/wp-content\/uploads\/2026\/01\/Sieger-M3-300x200.jpg 300w, https:\/\/www.gkfm.ch\/wp-content\/uploads\/2026\/01\/Sieger-M3-768x512.jpg 768w, https:\/\/www.gkfm.ch\/wp-content\/uploads\/2026\/01\/Sieger-M3-1536x1024.jpg 1536w, https:\/\/www.gkfm.ch\/wp-content\/uploads\/2026\/01\/Sieger-M3-2048x1366.jpg 2048w\" sizes=\"auto, (max-width: 1024px) 100vw, 1024px\" \/><\/a><\/figure>\n\n\n\n<p>M3: Team Aemisegger<\/p>\n\n\n\n<figure class=\"wp-block-image size-large\"><a href=\"https:\/\/www.gkfm.ch\/wp-content\/uploads\/2026\/01\/Sieger-M4-scaled.jpg\"><img loading=\"lazy\" decoding=\"async\" width=\"1024\" height=\"683\" src=\"https:\/\/www.gkfm.ch\/wp-content\/uploads\/2026\/01\/Sieger-M4-1024x683.jpg\" alt=\"\" class=\"wp-image-2718\" srcset=\"https:\/\/www.gkfm.ch\/wp-content\/uploads\/2026\/01\/Sieger-M4-1024x683.jpg 1024w, https:\/\/www.gkfm.ch\/wp-content\/uploads\/2026\/01\/Sieger-M4-300x200.jpg 300w, https:\/\/www.gkfm.ch\/wp-content\/uploads\/2026\/01\/Sieger-M4-768x512.jpg 768w, https:\/\/www.gkfm.ch\/wp-content\/uploads\/2026\/01\/Sieger-M4-1536x1024.jpg 1536w, https:\/\/www.gkfm.ch\/wp-content\/uploads\/2026\/01\/Sieger-M4-2048x1366.jpg 2048w\" sizes=\"auto, (max-width: 1024px) 100vw, 1024px\" \/><\/a><\/figure>\n\n\n\n<p>M4: Team Koller<\/p>\n\n\n\n<figure class=\"wp-block-image size-large\"><a href=\"https:\/\/www.gkfm.ch\/wp-content\/uploads\/2026\/01\/Sieger-M5-scaled.jpg\"><img loading=\"lazy\" decoding=\"async\" width=\"1024\" height=\"683\" src=\"https:\/\/www.gkfm.ch\/wp-content\/uploads\/2026\/01\/Sieger-M5-1024x683.jpg\" alt=\"\" class=\"wp-image-2719\" srcset=\"https:\/\/www.gkfm.ch\/wp-content\/uploads\/2026\/01\/Sieger-M5-1024x683.jpg 1024w, https:\/\/www.gkfm.ch\/wp-content\/uploads\/2026\/01\/Sieger-M5-300x200.jpg 300w, https:\/\/www.gkfm.ch\/wp-content\/uploads\/2026\/01\/Sieger-M5-768x512.jpg 768w, https:\/\/www.gkfm.ch\/wp-content\/uploads\/2026\/01\/Sieger-M5-1536x1024.jpg 1536w, https:\/\/www.gkfm.ch\/wp-content\/uploads\/2026\/01\/Sieger-M5-2048x1365.jpg 2048w\" sizes=\"auto, (max-width: 1024px) 100vw, 1024px\" \/><\/a><\/figure>\n\n\n\n<p>M5: Team G\u00f6tsch\/Gr\u00fcninger<\/p>\n\n\n\n<figure class=\"wp-block-image size-large\"><a href=\"https:\/\/www.gkfm.ch\/wp-content\/uploads\/2026\/01\/Sieger-M5-1-scaled.jpg\"><img loading=\"lazy\" decoding=\"async\" width=\"1024\" height=\"683\" src=\"https:\/\/www.gkfm.ch\/wp-content\/uploads\/2026\/01\/Sieger-M5-1-1024x683.jpg\" alt=\"\" class=\"wp-image-2720\" srcset=\"https:\/\/www.gkfm.ch\/wp-content\/uploads\/2026\/01\/Sieger-M5-1-1024x683.jpg 1024w, https:\/\/www.gkfm.ch\/wp-content\/uploads\/2026\/01\/Sieger-M5-1-300x200.jpg 300w, https:\/\/www.gkfm.ch\/wp-content\/uploads\/2026\/01\/Sieger-M5-1-768x512.jpg 768w, https:\/\/www.gkfm.ch\/wp-content\/uploads\/2026\/01\/Sieger-M5-1-1536x1024.jpg 1536w, https:\/\/www.gkfm.ch\/wp-content\/uploads\/2026\/01\/Sieger-M5-1-2048x1365.jpg 2048w\" sizes=\"auto, (max-width: 1024px) 100vw, 1024px\" \/><\/a><\/figure>\n\n\n\n<p>M6: Team Tremp<\/p>\n\n\n\n<figure class=\"wp-block-image size-large\"><a href=\"https:\/\/www.gkfm.ch\/wp-content\/uploads\/2026\/01\/Sieger-M7-scaled.jpg\"><img loading=\"lazy\" decoding=\"async\" width=\"1024\" height=\"683\" src=\"https:\/\/www.gkfm.ch\/wp-content\/uploads\/2026\/01\/Sieger-M7-1024x683.jpg\" alt=\"\" class=\"wp-image-2721\" srcset=\"https:\/\/www.gkfm.ch\/wp-content\/uploads\/2026\/01\/Sieger-M7-1024x683.jpg 1024w, https:\/\/www.gkfm.ch\/wp-content\/uploads\/2026\/01\/Sieger-M7-300x200.jpg 300w, https:\/\/www.gkfm.ch\/wp-content\/uploads\/2026\/01\/Sieger-M7-768x512.jpg 768w, https:\/\/www.gkfm.ch\/wp-content\/uploads\/2026\/01\/Sieger-M7-1536x1024.jpg 1536w, https:\/\/www.gkfm.ch\/wp-content\/uploads\/2026\/01\/Sieger-M7-2048x1366.jpg 2048w\" sizes=\"auto, (max-width: 1024px) 100vw, 1024px\" \/><\/a><\/figure>\n\n\n\n<p>M7: Team Probst\/Studerus<\/p>\n\n\n\n<figure class=\"wp-block-image size-large\"><a href=\"https:\/\/www.gkfm.ch\/wp-content\/uploads\/2026\/01\/Sieger-M8-scaled.jpg\"><img loading=\"lazy\" decoding=\"async\" width=\"1024\" height=\"683\" src=\"https:\/\/www.gkfm.ch\/wp-content\/uploads\/2026\/01\/Sieger-M8-1024x683.jpg\" alt=\"\" class=\"wp-image-2722\" srcset=\"https:\/\/www.gkfm.ch\/wp-content\/uploads\/2026\/01\/Sieger-M8-1024x683.jpg 1024w, https:\/\/www.gkfm.ch\/wp-content\/uploads\/2026\/01\/Sieger-M8-300x200.jpg 300w, https:\/\/www.gkfm.ch\/wp-content\/uploads\/2026\/01\/Sieger-M8-768x512.jpg 768w, https:\/\/www.gkfm.ch\/wp-content\/uploads\/2026\/01\/Sieger-M8-1536x1024.jpg 1536w, https:\/\/www.gkfm.ch\/wp-content\/uploads\/2026\/01\/Sieger-M8-2048x1366.jpg 2048w\" sizes=\"auto, (max-width: 1024px) 100vw, 1024px\" \/><\/a><\/figure>\n\n\n\n<p>M8: Team Schmid<\/p>\n\n\n\n<figure class=\"wp-block-image size-large\"><a href=\"https:\/\/www.gkfm.ch\/wp-content\/uploads\/2026\/01\/Sieger-M9-scaled.jpg\"><img loading=\"lazy\" decoding=\"async\" width=\"1024\" height=\"683\" src=\"https:\/\/www.gkfm.ch\/wp-content\/uploads\/2026\/01\/Sieger-M9-1024x683.jpg\" alt=\"\" class=\"wp-image-2723\" srcset=\"https:\/\/www.gkfm.ch\/wp-content\/uploads\/2026\/01\/Sieger-M9-1024x683.jpg 1024w, https:\/\/www.gkfm.ch\/wp-content\/uploads\/2026\/01\/Sieger-M9-300x200.jpg 300w, https:\/\/www.gkfm.ch\/wp-content\/uploads\/2026\/01\/Sieger-M9-768x512.jpg 768w, https:\/\/www.gkfm.ch\/wp-content\/uploads\/2026\/01\/Sieger-M9-1536x1024.jpg 1536w, https:\/\/www.gkfm.ch\/wp-content\/uploads\/2026\/01\/Sieger-M9-2048x1365.jpg 2048w\" sizes=\"auto, (max-width: 1024px) 100vw, 1024px\" \/><\/a><\/figure>\n\n\n\n<p>M9: Team Celentano<\/p>\n\n\n\n<p><\/p>\n","protected":false},"excerpt":{"rendered":"<p>KNABEN K1: Team K\u00fcrsteiner K2: Team Koller K3: Team Keel\/Tanner K4: Team Th\u00f6ny K5: Team Mauch K6: Team Gschwend K7: Team Ferrari K8: Team Sutter K9: Team Eicher M\u00c4DCHEN M3: Team Aemisegger M4: Team Koller M5: Team G\u00f6tsch\/Gr\u00fcninger M6: Team &hellip; <a href=\"https:\/\/www.gkfm.ch\/?page_id=2707\">Continue reading <span class=\"meta-nav\">&rarr;<\/span><\/a><\/p>\n","protected":false},"author":11,"featured_media":0,"parent":0,"menu_order":0,"comment_status":"closed","ping_status":"closed","template":"","meta":{"footnotes":""},"class_list":["post-2707","page","type-page","status-publish","hentry"],"_links":{"self":[{"href":"https:\/\/www.gkfm.ch\/index.php?rest_route=\/wp\/v2\/pages\/2707","targetHints":{"allow":["GET"]}}],"collection":[{"href":"https:\/\/www.gkfm.ch\/index.php?rest_route=\/wp\/v2\/pages"}],"about":[{"href":"https:\/\/www.gkfm.ch\/index.php?rest_route=\/wp\/v2\/types\/page"}],"author":[{"embeddable":true,"href":"https:\/\/www.gkfm.ch\/index.php?rest_route=\/wp\/v2\/users\/11"}],"replies":[{"embeddable":true,"href":"https:\/\/www.gkfm.ch\/index.php?rest_route=%2Fwp%2Fv2%2Fcomments&post=2707"}],"version-history":[{"count":1,"href":"https:\/\/www.gkfm.ch\/index.php?rest_route=\/wp\/v2\/pages\/2707\/revisions"}],"predecessor-version":[{"id":2724,"href":"https:\/\/www.gkfm.ch\/index.php?rest_route=\/wp\/v2\/pages\/2707\/revisions\/2724"}],"wp:attachment":[{"href":"https:\/\/www.gkfm.ch\/index.php?rest_route=%2Fwp%2Fv2%2Fmedia&parent=2707"}],"curies":[{"name":"wp","href":"https:\/\/api.w.org\/{rel}","templated":true}]}}