{"id":9,"date":"2016-06-06T09:00:57","date_gmt":"2016-06-06T07:00:57","guid":{"rendered":"http:\/\/www.gkfm.ch\/?page_id=9"},"modified":"2026-01-28T23:04:25","modified_gmt":"2026-01-28T21:04:25","slug":"herzlich-willkommen","status":"publish","type":"page","link":"https:\/\/www.gkfm.ch\/","title":{"rendered":"Home"},"content":{"rendered":"\n<p>Liebe Sch\u00fcler, Eltern, Lehrer und Fussballfreunde<\/p>\n\n\n\n<p>Wir durften auf ein gelungenes Turnier 2025 zur\u00fcckblicken. Mit Stolz durften wir auch dieses Jahr beinahe 90 Mannschaften empfangen, welche sich \u00fcber das ganze Wochenende hinweg spannende, teils hart umk\u00e4mpfte und nervenaufreibende Spiele lieferten. Bis zu den Finalspielen konnte mit Freude beobachtet werden, wie um jeden Ball gek\u00e4mpft wurde.<\/p>\n\n\n\n<p>Die n\u00e4chste Ausgabe der Gossauer Klassenfussballmeisterschaft findet am 20. und 21. Juni 2026 statt. Wir freuen uns, wieder zahlreiche Mannschaften begr\u00fcssen zu d\u00fcrfen.<\/p>\n\n\n\n<p><a href=\"https:\/\/form.jotform.com\/260276580526359\" data-type=\"link\" data-id=\"https:\/\/form.jotform.com\/260276580526359\" target=\"_blank\" rel=\"noreferrer noopener\">Hier k\u00f6nnt ihr euch f\u00fcr das Turnier 2026 anmelden.<\/a><\/p>\n\n\n\n<p>F\u00fcrs OK-Team<br>Patrik Mauchle, Pr\u00e4sident<\/p>\n\n\n\n<p><\/p>\n","protected":false},"excerpt":{"rendered":"<p>Liebe Sch\u00fcler, Eltern, Lehrer und Fussballfreunde Wir durften auf ein gelungenes Turnier 2025 zur\u00fcckblicken. Mit Stolz durften wir auch dieses Jahr beinahe 90 Mannschaften empfangen, welche sich \u00fcber das ganze Wochenende hinweg spannende, teils hart umk\u00e4mpfte und nervenaufreibende Spiele lieferten. &hellip; <a href=\"https:\/\/www.gkfm.ch\/\">Continue reading <span class=\"meta-nav\">&rarr;<\/span><\/a><\/p>\n","protected":false},"author":11,"featured_media":0,"parent":0,"menu_order":0,"comment_status":"closed","ping_status":"closed","template":"","meta":{"footnotes":""},"class_list":["post-9","page","type-page","status-publish","hentry"],"_links":{"self":[{"href":"https:\/\/www.gkfm.ch\/index.php?rest_route=\/wp\/v2\/pages\/9","targetHints":{"allow":["GET"]}}],"collection":[{"href":"https:\/\/www.gkfm.ch\/index.php?rest_route=\/wp\/v2\/pages"}],"about":[{"href":"https:\/\/www.gkfm.ch\/index.php?rest_route=\/wp\/v2\/types\/page"}],"author":[{"embeddable":true,"href":"https:\/\/www.gkfm.ch\/index.php?rest_route=\/wp\/v2\/users\/11"}],"replies":[{"embeddable":true,"href":"https:\/\/www.gkfm.ch\/index.php?rest_route=%2Fwp%2Fv2%2Fcomments&post=9"}],"version-history":[{"count":113,"href":"https:\/\/www.gkfm.ch\/index.php?rest_route=\/wp\/v2\/pages\/9\/revisions"}],"predecessor-version":[{"id":2734,"href":"https:\/\/www.gkfm.ch\/index.php?rest_route=\/wp\/v2\/pages\/9\/revisions\/2734"}],"wp:attachment":[{"href":"https:\/\/www.gkfm.ch\/index.php?rest_route=%2Fwp%2Fv2%2Fmedia&parent=9"}],"curies":[{"name":"wp","href":"https:\/\/api.w.org\/{rel}","templated":true}]}}